{"id":3,"date":"2022-11-21T16:49:56","date_gmt":"2022-11-21T16:49:56","guid":{"rendered":"https:\/\/altocanto.pt\/?page_id=3"},"modified":"2023-03-17T16:50:53","modified_gmt":"2023-03-17T16:50:53","slug":"politica-de-privacidade","status":"publish","type":"page","link":"https:\/\/altocanto.pt\/en\/politica-de-privacidade\/","title":{"rendered":"Privacy Policy"},"content":{"rendered":"<h4><strong>Identification<\/strong><\/h4>\n<p><strong>Company<\/strong>: Retiro das Cores Lda<\/p>\n<p><strong>NIF<\/strong>: 516 931 504<\/p>\n<p><strong>Headquarters<\/strong>: Coura\u00e7a de Lisboa n\u00ba10 3000-434 Coimbra, Portugal<\/p>\n<p><strong>E-mail:<\/strong> info@altocanto.pt<\/p>\n<p><strong>Data Protection Officer (DPO)<\/strong>: The User can contact the DPO via the address info@altocanto.pt or by letter to the postal address of the Alto Canto headquarters.<\/p>\n<h4>Information and Consent<\/h4>\n<p>By reading this Privacy Policy, the User is informed of how Alto Canto, owned by Retiro das Cores Lda, obtains, processes and protects the personal data sent to him through the website <a title=\"\" href=\"https:\/\/altocanto.pt\/en\/\" target=\"_blank\" rel=\"noopener\">www.altocanto.pt<\/a> (hereinafter \u201cWebsite\u201d), as well as those shared through your connection and navigation through the Website and other data that may benefit Alto Canto in the future obtained through the Accommodation Agreement or any other authorized means.<\/p>\n<p>The User must carefully read this Privacy Policy, written in a clear and simple way to facilitate its understanding, and freely and voluntarily determine whether he intends to provide his personal data, or those of third parties, to Alto Canto.<\/p>\n<h4>Obligation to provide data<\/h4>\n<p>Usually, the data requested in the forms, accessible through the Alto Canto website, are mandatory (except if the field in question does not indicate mandatory) to fulfill the established purposes. Thus, if they are not provided or are not provided correctly, these purposes cannot be fulfilled.<\/p>\n<h4>What are the purposes of the user's personal data?<\/h4>\n<p>According to the User's requests, the personal data obtained will be processed by Alto Canto for the following purposes:<\/p>\n<ul>\n<li>Manage requests for information and reservations.<\/li>\n<li>Manage the subscription to the newsletter and subsequent sending of the same.<\/li>\n<li>Manage your requests for contact with Alto Canto through the available means of communication.<\/li>\n<li>Manage the sending of personalized commercial communications from Alto Canto, through electronic and\/or conventional means, if the User has expressly consented to this sending.<\/li>\n<li>Manage the sending of personalized commercial communications, through electronic and\/or conventional means, except if the User does not accept, by checking the corresponding box, or if he\/she opposes this treatment.<\/li>\n<li>Manage the provision of contracted accommodation services, as well as additional services provided during the stay.<\/li>\n<li>Manage surveys and\/or assessments regarding the quality of services provided by Alto Canto and\/or the perception of its image as a company.<\/li>\n<\/ul>\n<p>The User's data will be kept for the sufficient time to fulfill each purpose or until the User requests its deletion from Alto Canto, opposes this treatment or revokes his consent.<\/p>\n<h4>What data is collected for processing?<\/h4>\n<p>Alto Canto can process the following categories of data, according to the request made by the User:<\/p>\n<ul>\n<li>Identification data like first name and last name.<\/li>\n<li>Contact details: postal address, mobile phone number and email address.<\/li>\n<li>User identification codes or passwords.<\/li>\n<li>Date of birth, sex, nationality.<\/li>\n<\/ul>\n<p>The processing of data necessary for the fulfillment of the aforementioned purposes that require the User's consent will not be carried out without it.<\/p>\n<h4>What is the legitimacy of the processing of your data?<\/h4>\n<p>If the User provides data from third parties, he\/she expresses their consent and undertakes to communicate to the interested party, the holder of the data in question, the information in this Privacy Policy, exempting Alto Canto from any responsibility in this regard. However, Alto Canto can carry out the necessary checks to prove this fact, adopting due diligence measures that respect the data protection regulations.<\/p>\n<p>Likewise, if the User revokes their consent for any of the treatments, this will not affect the lawfulness of the treatments previously carried out.<\/p>\n<p>To revoke this consent, the User may contact Alto Canto through the following means: Through a letter addressed to Alto Canto at the head office mentioned above and by email to the address info@altocanto.pt, in both cases with the reference \u201cData Protection\u201d.<\/p>\n<p>In addition, in cases where it is necessary to process the User's data for the fulfillment of a legal obligation or for the execution of a contractual relationship existing between Alto Canto and the User, the processing is legitimized because it is necessary for the fulfillment of these purposes. . In turn, the processing to carry out surveys and\/or assessments regarding the quality of services provided by Alto Canto and\/or the perception of its image as a company will be carried out in accordance with the legitimate interest of the person responsible.<\/p>\n<h4>With whom is user data shared?<\/h4>\n<p>User data may be shared with:<\/p>\n<ul>\n<li>Alto Canto operators, only for internal administrative purposes and\/or for the purposes indicated above.<\/li>\n<li>Alto Canto suppliers or hotel operators necessary for the correct fulfillment of legal obligations and\/or the purposes indicated above.<\/li>\n<li>Alto Canto partners and collaborating companies for the fulfillment of the purposes indicated above and\/or, if authorized, for sending commercial communications.<\/li>\n<li>Public entities, in the cases provided for by law.<\/li>\n<\/ul>\n<h4>User Responsibilities<\/h4>\n<p>The user should:<\/p>\n<ul>\n<li>Ensure that you are of legal age or legally emancipated, if necessary, fully capable and that the data provided to Alto Canto is true, accurate, complete and up to date. To this end, the User guarantees the veracity of all data communicated and will continue to conveniently keep the information provided up to date, in order to correspond to their real situation.<\/li>\n<li>Ensure that in cases where you provide data from third parties, they are informed of the content of this document. Furthermore, ensure that you have obtained their authorization to provide data to Alto Canto for the purposes indicated.<\/li>\n<li>Be responsible for all false or inaccurate information provided through the Website, as well as for damages, direct or indirect, caused by this information to Alto Canto or third parties.<\/li>\n<\/ul>\n<h4>Commercial and Promotional Communications<\/h4>\n<p>One of the purposes of processing User data by Alto Canto is to send commercial communications, by electronic and\/or conventional means, with information regarding products, services, promotions, offers, events or news relevant to Users. Whenever any communication of this type is made, it will be sent solely and exclusively to Users who have authorized its reception and\/or who have not previously refused.<\/p>\n<p>To carry out these actions, Alto Canto can analyze the data obtained to create User profiles that allow you to define in more detail the products that may be of interest to you.<\/p>\n<p>If the User wishes to stop receiving commercial or promotional communications from Alto Canto, he may request the cancellation of the service by sending an email to the address info@altocanto.pt or canceling the reception through the cancellation option presented in all commercial communications sent.<\/p>\n<h4>Exercise of Rights<\/h4>\n<p>The User may send a letter addressed to Alto Canto to the head office with the address mentioned above, or an email to the address info@altocanto.pt, in both cases with the reference \u201cData Protection\u201d, attaching a photocopy of the document valid identity card or passport, at any time and free of charge, to:<\/p>\n<ul>\n<li>Revoke the consents granted.<\/li>\n<li>Obtain confirmation as to whether or not Alto Canto is processing personal data relating to the User.<\/li>\n<li>Oppose the treatment.<\/li>\n<li>Access your personal data.<\/li>\n<li>Correct inaccurate or incomplete data.<\/li>\n<li>Request the deletion of your data when, among other reasons, the data is no longer necessary for the purposes for which it was collected.<\/li>\n<li>Obtain from Alto Canto a limitation on the processing of data, when verifying any of the conditions provided for in the data protection regulation.<\/li>\n<li>Get human intervention to express your point of view or contest the automated decisions adopted by Alto Canto.<\/li>\n<li>Request the portability of your data.<\/li>\n<\/ul>\n<p>In addition, the User may, at any time, submit a claim regarding the protection of their personal data to the competent regulatory authority.<\/p>\n<h4>Security Measures<\/h4>\n<p>Alto Canto will always treat User data in an absolutely confidential manner and maintain the obligation of secrecy required of them, in accordance with the provisions of the application regulation, adopting, for this purpose, the organizational and technical measures necessary to guarantee the security of your data and prevent its alteration, loss, treatment or unauthorized access, taking into account the state of technology, the nature of the data stored and the risks to which they are exposed.<\/p>\n<p>Date of last update:\u00a0<strong>January 6, 2023<\/strong><\/p>","protected":false},"excerpt":{"rendered":"<p>Identifica\u00e7\u00e3o Titular: Retiro das Cores Lda NIF: 516 931 504 Sede social: Coura\u00e7a de Lisboa n\u00ba10 3000-434 Coimbra, Portugal E-mail: info@altocanto.pt Encarregado da Prote\u00e7\u00e3o de Dados (EPD): O Utilizador pode contactar o EPD atrav\u00e9s do endere\u00e7o info@altocanto.pt ou por carta [&hellip;]<\/p>\n","protected":false},"author":1,"featured_media":0,"parent":0,"menu_order":0,"comment_status":"closed","ping_status":"open","template":"","meta":{"footnotes":""},"class_list":["post-3","page","type-page","status-publish","hentry"],"_links":{"self":[{"href":"https:\/\/altocanto.pt\/en\/wp-json\/wp\/v2\/pages\/3","targetHints":{"allow":["GET"]}}],"collection":[{"href":"https:\/\/altocanto.pt\/en\/wp-json\/wp\/v2\/pages"}],"about":[{"href":"https:\/\/altocanto.pt\/en\/wp-json\/wp\/v2\/types\/page"}],"author":[{"embeddable":true,"href":"https:\/\/altocanto.pt\/en\/wp-json\/wp\/v2\/users\/1"}],"replies":[{"embeddable":true,"href":"https:\/\/altocanto.pt\/en\/wp-json\/wp\/v2\/comments?post=3"}],"version-history":[{"count":6,"href":"https:\/\/altocanto.pt\/en\/wp-json\/wp\/v2\/pages\/3\/revisions"}],"predecessor-version":[{"id":3734,"href":"https:\/\/altocanto.pt\/en\/wp-json\/wp\/v2\/pages\/3\/revisions\/3734"}],"wp:attachment":[{"href":"https:\/\/altocanto.pt\/en\/wp-json\/wp\/v2\/media?parent=3"}],"curies":[{"name":"wp","href":"https:\/\/api.w.org\/{rel}","templated":true}]}}