{"id":3761,"date":"2023-03-20T11:15:38","date_gmt":"2023-03-20T11:15:38","guid":{"rendered":"https:\/\/altocanto.pt\/?page_id=3761"},"modified":"2023-03-28T14:24:43","modified_gmt":"2023-03-28T13:24:43","slug":"termos-condicoes","status":"publish","type":"page","link":"https:\/\/altocanto.pt\/en\/termos-condicoes\/","title":{"rendered":"Terms &amp; Conditions"},"content":{"rendered":"<div data-elementor-type=\"wp-page\" data-elementor-id=\"3761\" class=\"elementor elementor-3761\">\n\t\t\t\t\t\t<section class=\"elementor-section elementor-top-section elementor-element elementor-element-469962fd elementor-section-boxed elementor-section-height-default elementor-section-height-default\" data-id=\"469962fd\" data-element_type=\"section\" data-e-type=\"section\" data-settings=\"{&quot;hoteller_ext_is_background_parallax&quot;:&quot;false&quot;,&quot;hoteller_ext_is_background_on_scroll&quot;:&quot;false&quot;}\">\n\t\t\t\t\t\t<div class=\"elementor-container elementor-column-gap-default\">\n\t\t\t\t\t<div class=\"elementor-column elementor-col-100 elementor-top-column elementor-element elementor-element-1405e89f\" data-id=\"1405e89f\" data-element_type=\"column\" data-e-type=\"column\" data-settings=\"{&quot;hoteller_ext_link_sidemenu&quot;:&quot;false&quot;,&quot;hoteller_ext_link_fullmenu&quot;:&quot;false&quot;,&quot;hoteller_ext_link_closed_fullmenu&quot;:&quot;false&quot;,&quot;hoteller_ext_is_scrollme&quot;:&quot;false&quot;,&quot;hoteller_ext_is_smoove&quot;:&quot;false&quot;,&quot;hoteller_ext_is_parallax_mouse&quot;:&quot;false&quot;,&quot;hoteller_ext_is_infinite&quot;:&quot;false&quot;,&quot;hoteller_ext_is_fadeout_animation&quot;:&quot;false&quot;,&quot;hoteller_ext_mobile_static&quot;:&quot;false&quot;}\">\n\t\t\t<div class=\"elementor-widget-wrap elementor-element-populated\">\n\t\t\t\t\t\t<div class=\"elementor-element elementor-element-58094031 elementor-widget elementor-widget-text-editor\" data-id=\"58094031\" data-element_type=\"widget\" data-e-type=\"widget\" data-settings=\"{&quot;hoteller_ext_link_sidemenu&quot;:&quot;false&quot;,&quot;hoteller_ext_link_fullmenu&quot;:&quot;false&quot;,&quot;hoteller_ext_link_closed_fullmenu&quot;:&quot;false&quot;,&quot;hoteller_ext_is_scrollme&quot;:&quot;false&quot;,&quot;hoteller_ext_is_smoove&quot;:&quot;false&quot;,&quot;hoteller_ext_is_parallax_mouse&quot;:&quot;false&quot;,&quot;hoteller_ext_is_infinite&quot;:&quot;false&quot;,&quot;hoteller_ext_is_fadeout_animation&quot;:&quot;false&quot;,&quot;hoteller_ext_mobile_static&quot;:&quot;false&quot;}\" data-widget_type=\"text-editor.default\">\n\t\t\t\t<div class=\"elementor-widget-container\">\n\t\t\t\t\t\t\t\t\t<p class=\"bootstrapScopedWS\"><strong class=\"bootstrapScopedWS\">Copyright and other proprietary rights<\/strong><\/p>\n<p class=\"bootstrapScopedWS\">The content of this website, including brands, designs, logos, text, images, audio and video materials, is the property of Retiro das Cores Lda., unless otherwise indicated through a reference to its source, and is protected in the general terms of law and national and international legislation for the protection of Intellectual Property. It is not allowed to display, reproduce, distribute, modify, transmit or use the contents in any way, for any public or commercial purpose without prior and express written consent.<\/p>\n<p class=\"bootstrapScopedWS\">However, the user may print any part of the material contained in these sites as long as it is not altered in any way, whether for personal and non-commercial use, including the indication of the source and copyright, and provided that another indication property is not removed.<\/p>\n<p class=\"bootstrapScopedWS\">The contents of the pages of these sites are protected by Copyright and Related Rights, Industrial Property Rights and by the Computer Crime Law.<\/p>\n<p class=\"bootstrapScopedWS\">Embora os dados pessoais que nos s\u00e3o fornecidos estejam ao abrigo do definido na Pol\u00edtica de Privacidade aqui publicada, qualquer informa\u00e7\u00e3o ou outro conte\u00fado que o utilizador transmita para este site, seja atrav\u00e9s de correio eletr\u00f3nico,&nbsp; envio de ficheiros ou de outro modo, ser\u00e1 considerado como n\u00e3o confidencial e n\u00e3o reservado. Ao transmitir conte\u00fados para este site, o utilizador automaticamente concede ao Retiro das Cores Lda todos os direitos e propriedades exclusivas sobre esses mesmos conte\u00fados, concordando na sua utiliza\u00e7\u00e3o livre e inequ\u00edvoca.<\/p>\n<p class=\"bootstrapScopedWS\"><strong class=\"bootstrapScopedWS\">Contents and guarantees<\/strong><\/p>\n<p class=\"bootstrapScopedWS\">The information on this website was included in good faith and serves exclusively for general information, and its use is at the sole risk of the user.<br class=\"bootstrapScopedWS\">This website and its contents are provided without warranties of any kind, including the implied warranties of merchantability, non-infringement of third party rights and fitness for a particular purpose. Likewise, no guarantee is given that access to these sites will be uninterrupted or error-free, free of viruses or other harmful material, or that the information contained on this website is complete, accurate or timely.<\/p>\n<p class=\"bootstrapScopedWS\">The Retiro das Cores Ltd. reserves the right to make changes and corrections, suspend or close the website when it deems appropriate and without prior notice to any member or entity.<\/p>\n<p class=\"bootstrapScopedWS\">The Retiro das Cores Ltd. does not pre-filter or monitor content transmitted to this website by third parties and is not responsible for filtering or monitoring any such content. If notified, Retiro das Cores Lda. may investigate an allegation that content transmitted to this website is in breach of the Terms and Conditions and may determine whether to cause information to be removed from these sites.<\/p>\n<p class=\"bootstrapScopedWS\">The Retiro das Cores Ltd. assumes no responsibility or liability for any action or content transmitted by or between the user or any third party on or off this website.<\/p>\n<p class=\"bootstrapScopedWS\">However, the user agrees not to transmit to this website any illicit, threatening, libelous, defamatory, obscene, scandalous, pornographic or profane content, or any other content that may constitute or encourage conduct that violates any law. The Retiro das Cores Ltd. will fully cooperate with any competent law enforcement authorities or court order requesting or directing ASAE to reveal the identity of or assist in identifying or locating any person transmitting such content.<\/p>\n<p class=\"bootstrapScopedWS\"><strong class=\"bootstrapScopedWS\">Responsabilidade, uso e risco<\/strong><\/p>\n<p class=\"bootstrapScopedWS\">The Retiro das Cores Ltd. and all of its legal officers, directors, employees and agents, as well as any other party involved in the creation, production, maintenance or implementation of this website, will not be liable to any user of the website for any possible damage, injury or injury (including any loss of lost profit and moral damages, indirect, accidental or consequential loss) arising from the correct or incorrect use of these sites and their content, access to the user's computer or computer system by third parties, viruses, etc.<\/p>\n<p class=\"bootstrapScopedWS\">This website contains links to third party websites. These links are provided solely for your convenience and accessibility. The Retiro das Cores Ltd. does not endorse the content of any such third party websites and is not responsible for the content of any such websites. Accessing and visiting any of these third-party websites is at the user's own risk.<\/p>\n<p class=\"bootstrapScopedWS\">Est\u00e1 expressamente proibida a utiliza\u00e7\u00e3o do website para fins ilegais ou quaisquer outros fins que possam ser considerados indignos da imagem do&nbsp;Retiro das Cores Lda.. A usurpa\u00e7\u00e3o, contrafa\u00e7\u00e3o, aproveitamento do conte\u00fado usurpado ou contrafeito, a identifica\u00e7\u00e3o ileg\u00edtima e a concorr\u00eancia desleal s\u00e3o pun\u00edveis criminalmente.<\/p>\n<p class=\"bootstrapScopedWS\">It is also prohibited for the user to create or introduce any type of virus or program that damages or contaminates these sites or to advise third parties to do so. Violators will be subject to criminal prosecution.<\/p>\t\t\t\t\t\t\t\t<\/div>\n\t\t\t\t<\/div>\n\t\t\t\t\t<\/div>\n\t\t<\/div>\n\t\t\t\t\t<\/div>\n\t\t<\/section>\n\t\t\t\t<\/div>","protected":false},"excerpt":{"rendered":"<p>Copyright e outros direitos de propriedade O conte\u00fado deste website, incluindo marcas, desenhos, logotipos, texto, imagens, materiais audio e de v\u00eddeo, \u00e9 propriedade do Retiro das Cores Lda., a menos que indicado de outro modo atrav\u00e9s de uma refer\u00eancia \u00e0 [&hellip;]<\/p>\n","protected":false},"author":1,"featured_media":0,"parent":0,"menu_order":0,"comment_status":"closed","ping_status":"open","template":"","meta":{"footnotes":""},"class_list":["post-3761","page","type-page","status-publish","hentry"],"_links":{"self":[{"href":"https:\/\/altocanto.pt\/en\/wp-json\/wp\/v2\/pages\/3761","targetHints":{"allow":["GET"]}}],"collection":[{"href":"https:\/\/altocanto.pt\/en\/wp-json\/wp\/v2\/pages"}],"about":[{"href":"https:\/\/altocanto.pt\/en\/wp-json\/wp\/v2\/types\/page"}],"author":[{"embeddable":true,"href":"https:\/\/altocanto.pt\/en\/wp-json\/wp\/v2\/users\/1"}],"replies":[{"embeddable":true,"href":"https:\/\/altocanto.pt\/en\/wp-json\/wp\/v2\/comments?post=3761"}],"version-history":[{"count":6,"href":"https:\/\/altocanto.pt\/en\/wp-json\/wp\/v2\/pages\/3761\/revisions"}],"predecessor-version":[{"id":3908,"href":"https:\/\/altocanto.pt\/en\/wp-json\/wp\/v2\/pages\/3761\/revisions\/3908"}],"wp:attachment":[{"href":"https:\/\/altocanto.pt\/en\/wp-json\/wp\/v2\/media?parent=3761"}],"curies":[{"name":"wp","href":"https:\/\/api.w.org\/{rel}","templated":true}]}}